{"id":452,"date":"2024-01-18T22:22:06","date_gmt":"2024-01-18T22:22:06","guid":{"rendered":"https:\/\/abcsalca.com\/?page_id=452"},"modified":"2024-10-18T14:18:12","modified_gmt":"2024-10-18T14:18:12","slug":"urunlerimiz","status":"publish","type":"page","link":"https:\/\/abcsalca.com\/ar\/urunlerimiz\/","title":{"rendered":"\u0645\u0646\u062a\u062c\u0627\u062a\u0646\u0627"},"content":{"rendered":"<meta itemscope itemprop=\"mainEntityOfPage\" itemtype=\"https:\/\/schema.org\/WebPage\" itemid=\"http:\/\/374\" content=\"Zer Domates Sal\u00e7as\u0131 1\/1 x 12 Teneke Kutu\" \/><meta itemprop=\"datePublished\" content=\"2024-01-18\" \/><meta itemprop=\"dateModified\" content=\"2024-01-18\" \/><meta itemprop=\"name\" content=\"ABC SAL\u00c7A KONSERVE GIDA SAN. VE T\u0130C. A.\u015e.\"\/><meta itemprop=\"url\" content=\"https:\/\/abcsalca.com\/wp-content\/uploads\/2024\/01\/Abc-Salca-Logo-yatay.png\"\/><meta itemprop=\"url\" content=\"https:\/\/abcsalca.com\/author\/erkam\/\" \/><meta itemprop=\"name\" content=\"Erkam Karao\u011flan\" \/><meta itemprop=\"url\" content=\"https:\/\/abcsalca.com\/wp-content\/uploads\/2024\/01\/20339_w650_.png\" \/><meta itemprop=\"width\" content=\"362\" \/><meta itemprop=\"height\" content=\"500\" \/><meta itemprop=\"interactionType\" content=\"https:\/\/schema.org\/CommentAction\" \/><meta itemprop=\"userInteractionCount\" content=\"0\" \/>\n\t<a href='https:\/\/abcsalca.com\/ar\/urun\/zer-domates-salcasi-1-1-x-12-teneke-kutu-2\/' title='\u0632\u064a\u0631 \u0645\u0639\u062c\u0648\u0646 \u0627\u0644\u0637\u0645\u0627\u0637\u0645 1\/1 \u0633 12 \u0639\u0644\u0628'><img width=\"362\" height=\"500\" src=\"https:\/\/abcsalca.com\/wp-content\/uploads\/2024\/01\/20339_w650_.png\" alt=\"\" itemprop=\"image\" decoding=\"async\" loading=\"lazy\" srcset=\"https:\/\/abcsalca.com\/wp-content\/uploads\/2024\/01\/20339_w650_.png 362w, https:\/\/abcsalca.com\/wp-content\/uploads\/2024\/01\/20339_w650_-217x300.png 217w\" sizes=\"auto, (max-width: 362px) 100vw, 362px\" \/><\/a>\n    <h3><a href='https:\/\/abcsalca.com\/ar\/urun\/zer-domates-salcasi-1-1-x-12-teneke-kutu-2\/' title='\u0632\u064a\u0631 \u0645\u0639\u062c\u0648\u0646 \u0627\u0644\u0637\u0645\u0627\u0637\u0645 1\/1 \u0633 12 \u0639\u0644\u0628'>\u0632\u064a\u0631 \u0645\u0639\u062c\u0648\u0646 \u0627\u0644\u0637\u0645\u0627\u0637\u0645 1\/1 \u0633 12 \u0639\u0644\u0628<\/a><\/h3>\n    \t<a href=\"https:\/\/abcsalca.com\/ar\/urun\/zer-domates-salcasi-1-1-x-12-teneke-kutu-2\/\"> \u0645\u0631\u0627\u062c\u0639\u0629 \u0627\u0644\u0645\u0646\u062a\u062c<\/a>\n\t<meta itemscope itemprop=\"mainEntityOfPage\" itemtype=\"https:\/\/schema.org\/WebPage\" itemid=\"http:\/\/370\" content=\"Zer Domates Sal\u00e7as\u0131 5\/1 x 3 Teneke Kutu\" \/><meta itemprop=\"datePublished\" content=\"2024-01-18\" \/><meta itemprop=\"dateModified\" content=\"2024-01-18\" \/><meta itemprop=\"name\" content=\"ABC SAL\u00c7A KONSERVE GIDA SAN. VE T\u0130C. A.\u015e.\"\/><meta itemprop=\"url\" content=\"https:\/\/abcsalca.com\/wp-content\/uploads\/2024\/01\/Abc-Salca-Logo-yatay.png\"\/><meta itemprop=\"url\" content=\"https:\/\/abcsalca.com\/author\/erkam\/\" \/><meta itemprop=\"name\" content=\"Erkam Karao\u011flan\" \/><meta itemprop=\"url\" content=\"https:\/\/abcsalca.com\/wp-content\/uploads\/2024\/01\/20681_w650_.png\" \/><meta itemprop=\"width\" content=\"310\" \/><meta itemprop=\"height\" content=\"500\" \/><meta itemprop=\"interactionType\" content=\"https:\/\/schema.org\/CommentAction\" \/><meta itemprop=\"userInteractionCount\" content=\"0\" \/>\n\t<a href='https:\/\/abcsalca.com\/ar\/urun\/zer-domates-salcasi-1-1-x-12-teneke-kutu\/' title='\u0632\u064a\u0631 \u0645\u0639\u062c\u0648\u0646 \u0627\u0644\u0637\u0645\u0627\u0637\u0645 5\/1 \u0633 3 \u0639\u0644\u0628'><img width=\"310\" height=\"500\" src=\"https:\/\/abcsalca.com\/wp-content\/uploads\/2024\/01\/20681_w650_.png\" alt=\"\" itemprop=\"image\" decoding=\"async\" loading=\"lazy\" srcset=\"https:\/\/abcsalca.com\/wp-content\/uploads\/2024\/01\/20681_w650_.png 310w, https:\/\/abcsalca.com\/wp-content\/uploads\/2024\/01\/20681_w650_-186x300.png 186w\" sizes=\"auto, (max-width: 310px) 100vw, 310px\" \/><\/a>\n    <h3><a href='https:\/\/abcsalca.com\/ar\/urun\/zer-domates-salcasi-1-1-x-12-teneke-kutu\/' title='\u0632\u064a\u0631 \u0645\u0639\u062c\u0648\u0646 \u0627\u0644\u0637\u0645\u0627\u0637\u0645 5\/1 \u0633 3 \u0639\u0644\u0628'>\u0632\u064a\u0631 \u0645\u0639\u062c\u0648\u0646 \u0627\u0644\u0637\u0645\u0627\u0637\u0645 5\/1 \u0633 3 \u0639\u0644\u0628<\/a><\/h3>\n    \t<a href=\"https:\/\/abcsalca.com\/ar\/urun\/zer-domates-salcasi-1-1-x-12-teneke-kutu\/\"> \u0645\u0631\u0627\u062c\u0639\u0629 \u0627\u0644\u0645\u0646\u062a\u062c<\/a>\n\t<meta itemscope itemprop=\"mainEntityOfPage\" itemtype=\"https:\/\/schema.org\/WebPage\" itemid=\"http:\/\/368\" content=\"Zer Domates Sal\u00e7as\u0131 1\/2 x 24 Teneke Kutu\" \/><meta itemprop=\"datePublished\" content=\"2024-01-18\" \/><meta itemprop=\"dateModified\" content=\"2024-01-18\" \/><meta itemprop=\"name\" content=\"ABC SAL\u00c7A KONSERVE GIDA SAN. VE T\u0130C. A.\u015e.\"\/><meta itemprop=\"url\" content=\"https:\/\/abcsalca.com\/wp-content\/uploads\/2024\/01\/Abc-Salca-Logo-yatay.png\"\/><meta itemprop=\"url\" content=\"https:\/\/abcsalca.com\/author\/erkam\/\" \/><meta itemprop=\"name\" content=\"Erkam Karao\u011flan\" \/><meta itemprop=\"url\" content=\"https:\/\/abcsalca.com\/wp-content\/uploads\/2024\/01\/20322_w650_.png\" \/><meta itemprop=\"width\" content=\"303\" \/><meta itemprop=\"height\" content=\"500\" \/><meta itemprop=\"interactionType\" content=\"https:\/\/schema.org\/CommentAction\" \/><meta itemprop=\"userInteractionCount\" content=\"0\" \/>\n\t<a href='https:\/\/abcsalca.com\/ar\/urun\/zer-domates-salcasi-1-2-x-24-teneke-kutu\/' title='\u0632\u064a\u0631 \u0645\u0639\u062c\u0648\u0646 \u0627\u0644\u0637\u0645\u0627\u0637\u0645 1\/2 \u0633 24 \u0639\u0644\u0628'><img width=\"303\" height=\"500\" src=\"https:\/\/abcsalca.com\/wp-content\/uploads\/2024\/01\/20322_w650_.png\" alt=\"\" itemprop=\"image\" decoding=\"async\" loading=\"lazy\" srcset=\"https:\/\/abcsalca.com\/wp-content\/uploads\/2024\/01\/20322_w650_.png 303w, https:\/\/abcsalca.com\/wp-content\/uploads\/2024\/01\/20322_w650_-182x300.png 182w\" sizes=\"auto, (max-width: 303px) 100vw, 303px\" \/><\/a>\n    <h3><a href='https:\/\/abcsalca.com\/ar\/urun\/zer-domates-salcasi-1-2-x-24-teneke-kutu\/' title='\u0632\u064a\u0631 \u0645\u0639\u062c\u0648\u0646 \u0627\u0644\u0637\u0645\u0627\u0637\u0645 1\/2 \u0633 24 \u0639\u0644\u0628'>\u0632\u064a\u0631 \u0645\u0639\u062c\u0648\u0646 \u0627\u0644\u0637\u0645\u0627\u0637\u0645 1\/2 \u0633 24 \u0639\u0644\u0628<\/a><\/h3>\n    \t<a href=\"https:\/\/abcsalca.com\/ar\/urun\/zer-domates-salcasi-1-2-x-24-teneke-kutu\/\"> \u0645\u0631\u0627\u062c\u0639\u0629 \u0627\u0644\u0645\u0646\u062a\u062c<\/a>\n\t<meta itemscope itemprop=\"mainEntityOfPage\" itemtype=\"https:\/\/schema.org\/WebPage\" itemid=\"http:\/\/366\" content=\"Zer Domates Sal\u00e7as\u0131 1\/4 x 48 Teneke Kutu\" \/><meta itemprop=\"datePublished\" content=\"2024-01-18\" \/><meta itemprop=\"dateModified\" content=\"2024-01-18\" \/><meta itemprop=\"name\" content=\"ABC SAL\u00c7A KONSERVE GIDA SAN. VE T\u0130C. A.\u015e.\"\/><meta itemprop=\"url\" content=\"https:\/\/abcsalca.com\/wp-content\/uploads\/2024\/01\/Abc-Salca-Logo-yatay.png\"\/><meta itemprop=\"url\" content=\"https:\/\/abcsalca.com\/author\/erkam\/\" \/><meta itemprop=\"name\" content=\"Erkam Karao\u011flan\" \/><meta itemprop=\"url\" content=\"https:\/\/abcsalca.com\/wp-content\/uploads\/2024\/01\/26010_w650_.png\" \/><meta itemprop=\"width\" content=\"465\" \/><meta itemprop=\"height\" content=\"500\" \/><meta itemprop=\"interactionType\" content=\"https:\/\/schema.org\/CommentAction\" \/><meta itemprop=\"userInteractionCount\" content=\"0\" \/>\n\t<a href='https:\/\/abcsalca.com\/ar\/urun\/zer-domates-salcasi-1-4-x-48-teneke-kutu\/' title='\u0632\u064a\u0631 \u0645\u0639\u062c\u0648\u0646 \u0627\u0644\u0637\u0645\u0627\u0637\u0645 1\/4 \u0633 48 \u0627\u0644\u0642\u0635\u062f\u064a\u0631 \u0645\u0631\u0628\u0639'><img width=\"465\" height=\"500\" src=\"https:\/\/abcsalca.com\/wp-content\/uploads\/2024\/01\/26010_w650_.png\" alt=\"\" itemprop=\"image\" decoding=\"async\" loading=\"lazy\" srcset=\"https:\/\/abcsalca.com\/wp-content\/uploads\/2024\/01\/26010_w650_.png 465w, https:\/\/abcsalca.com\/wp-content\/uploads\/2024\/01\/26010_w650_-279x300.png 279w\" sizes=\"auto, (max-width: 465px) 100vw, 465px\" \/><\/a>\n    <h3><a href='https:\/\/abcsalca.com\/ar\/urun\/zer-domates-salcasi-1-4-x-48-teneke-kutu\/' title='\u0632\u064a\u0631 \u0645\u0639\u062c\u0648\u0646 \u0627\u0644\u0637\u0645\u0627\u0637\u0645 1\/4 \u0633 48 \u0627\u0644\u0642\u0635\u062f\u064a\u0631 \u0645\u0631\u0628\u0639'>\u0632\u064a\u0631 \u0645\u0639\u062c\u0648\u0646 \u0627\u0644\u0637\u0645\u0627\u0637\u0645 1\/4 \u0633 48 \u0627\u0644\u0642\u0635\u062f\u064a\u0631 \u0645\u0631\u0628\u0639<\/a><\/h3>\n    \t<a href=\"https:\/\/abcsalca.com\/ar\/urun\/zer-domates-salcasi-1-4-x-48-teneke-kutu\/\"> \u0645\u0631\u0627\u062c\u0639\u0629 \u0627\u0644\u0645\u0646\u062a\u062c<\/a>\n\t\t<!-- .pp-content-posts -->","protected":false},"excerpt":{"rendered":"<p>Zer Domates Sal\u00e7as\u0131 1\/1 x &hellip;<\/p>\n<p class=\"read-more\"> <a class=\"\" href=\"https:\/\/abcsalca.com\/ar\/urunlerimiz\/\"> <span class=\"screen-reader-text\">\u0645\u0646\u062a\u062c\u0627\u062a\u0646\u0627<\/span> Read More \u00bb<\/a><\/p>","protected":false},"author":1,"featured_media":0,"parent":0,"menu_order":0,"comment_status":"closed","ping_status":"closed","template":"","meta":{"site-sidebar-layout":"no-sidebar","site-content-layout":"page-builder","ast-site-content-layout":"default","site-content-style":"default","site-sidebar-style":"default","ast-global-header-display":"","ast-banner-title-visibility":"","ast-main-header-display":"","ast-hfb-above-header-display":"","ast-hfb-below-header-display":"","ast-hfb-mobile-header-display":"","site-post-title":"disabled","ast-breadcrumbs-content":"","ast-featured-img":"disabled","footer-sml-layout":"","theme-transparent-header-meta":"default","adv-header-id-meta":"","stick-header-meta":"default","header-above-stick-meta":"","header-main-stick-meta":"","header-below-stick-meta":"","astra-migrate-meta-layouts":"set","ast-page-background-enabled":"default","ast-page-background-meta":{"desktop":{"background-color":"var(--ast-global-color-4)","background-image":"","background-repeat":"repeat","background-position":"center center","background-size":"auto","background-attachment":"scroll","background-type":"","background-media":"","overlay-type":"","overlay-color":"","overlay-gradient":""},"tablet":{"background-color":"","background-image":"","background-repeat":"repeat","background-position":"center center","background-size":"auto","background-attachment":"scroll","background-type":"","background-media":"","overlay-type":"","overlay-color":"","overlay-gradient":""},"mobile":{"background-color":"","background-image":"","background-repeat":"repeat","background-position":"center center","background-size":"auto","background-attachment":"scroll","background-type":"","background-media":"","overlay-type":"","overlay-color":"","overlay-gradient":""}},"ast-content-background-meta":{"desktop":{"background-color":"var(--ast-global-color-5)","background-image":"","background-repeat":"repeat","background-position":"center center","background-size":"auto","background-attachment":"scroll","background-type":"","background-media":"","overlay-type":"","overlay-color":"","overlay-gradient":""},"tablet":{"background-color":"var(--ast-global-color-5)","background-image":"","background-repeat":"repeat","background-position":"center center","background-size":"auto","background-attachment":"scroll","background-type":"","background-media":"","overlay-type":"","overlay-color":"","overlay-gradient":""},"mobile":{"background-color":"var(--ast-global-color-5)","background-image":"","background-repeat":"repeat","background-position":"center center","background-size":"auto","background-attachment":"scroll","background-type":"","background-media":"","overlay-type":"","overlay-color":"","overlay-gradient":""}},"footnotes":""},"class_list":["post-452","page","type-page","status-publish","hentry"],"acf":[],"_links":{"self":[{"href":"https:\/\/abcsalca.com\/ar\/wp-json\/wp\/v2\/pages\/452","targetHints":{"allow":["GET"]}}],"collection":[{"href":"https:\/\/abcsalca.com\/ar\/wp-json\/wp\/v2\/pages"}],"about":[{"href":"https:\/\/abcsalca.com\/ar\/wp-json\/wp\/v2\/types\/page"}],"author":[{"embeddable":true,"href":"https:\/\/abcsalca.com\/ar\/wp-json\/wp\/v2\/users\/1"}],"replies":[{"embeddable":true,"href":"https:\/\/abcsalca.com\/ar\/wp-json\/wp\/v2\/comments?post=452"}],"version-history":[{"count":4,"href":"https:\/\/abcsalca.com\/ar\/wp-json\/wp\/v2\/pages\/452\/revisions"}],"predecessor-version":[{"id":711,"href":"https:\/\/abcsalca.com\/ar\/wp-json\/wp\/v2\/pages\/452\/revisions\/711"}],"wp:attachment":[{"href":"https:\/\/abcsalca.com\/ar\/wp-json\/wp\/v2\/media?parent=452"}],"curies":[{"name":"wp","href":"https:\/\/api.w.org\/{rel}","templated":true}]}}