{"id":459,"date":"2024-01-18T22:52:21","date_gmt":"2024-01-18T22:52:21","guid":{"rendered":"https:\/\/abcsalca.com\/?page_id=459"},"modified":"2024-10-29T08:15:53","modified_gmt":"2024-10-29T08:15:53","slug":"iletisim","status":"publish","type":"page","link":"https:\/\/abcsalca.com\/ar\/iletisim\/","title":{"rendered":"\u0627\u062a\u0635\u0644 \u0628\u0646\u0627"},"content":{"rendered":"<h2>\n\t\t\u062a\u0641\u0627\u0635\u064a\u0644 \u0627\u0644\u0627\u062a\u0635\u0627\u0644\n\t<\/h2>\n\t\t<ul>\n\t\t\t\t\t<li>\n\t\t\t\t\t<a href=\"https:\/\/maps.app.goo.gl\/EmhBxo2wYDwYxASU7\" target=\"_self\" rel=\"noopener\">\n\t\t\t\t<h3>\u200e3. Organize Sanayi B\u00f6lgesi Mehmet Batall\u0131 Bulvar\u0131 No:99 \u015eehitkamil \/ Gaziantep \/ T\u00fcrkiye<\/h3>\n\t<\/a>\n\t\t\t<\/li>\n\t\t\t\t\t<li>\n\t\t\t\t\t<a href=\"tel: 90 342 337 82 00\" target=\"_self\" rel=\"noopener\">\n\t\t\t\t<h3>\u200e+90 342 337 82 00\u3164<\/h3>\n\t<\/a>\n\t\t\t<\/li>\n\t\t\t\t\t<li>\n\t\t\t\t\t<a href=\"tel: 90 850 201 01 91\" target=\"_self\" rel=\"noopener\">\n\t\t\t\t<h3>\u200e+90 850 201 01 91\u3164<\/h3>\n\t<\/a>\n\t\t\t<\/li>\n\t\t\t\t\t<li>\n\t\t\t\t\t<a href=\"mailto:info@abcsalca.com\" target=\"_self\" rel=\"noopener\">\n\t\t\t\t<h3>\u200einfo@abcsalca.com\u3164<\/h3>\n\t<\/a>\n\t\t\t<\/li>\n\t\t\t\t<\/ul>\n<h2>\n\t\t\u0627\u0628\u062d\u062b \u0639\u0646\u0627 \u0639\u0644\u0649 \u062e\u0631\u0627\u0626\u0637 \u062c\u0648\u062c\u0644\n\t<\/h2>\n\t<iframe src=\"https:\/\/www.google.com\/maps\/embed?pb=!1m14!1m8!1m3!1d6358.79292791938!2d37.352203!3d37.167048!3m2!1i1024!2i768!4f13.1!3m3!1m2!1s0x1531fcce67b7788f%3A0x75dd6c4e59991cb3!2sZer%20Ya%C4%9F%20San.%20Ve%20Tic%20A.%C5%9E.%20-%203.%20Organize!5e0!3m2!1str!2str!4v1705618740558!5m2!1str!2str\" width=\"100%\" height=\"400\" allowfullscreen=\"\" loading=\"lazy\" referrerpolicy=\"no-referrer-when-downgrade\"><\/iframe>","protected":false},"excerpt":{"rendered":"<p>\u0130leti\u015fim Bilgileri \u200e3. Organize Sanayi &hellip;<\/p>\n<p class=\"read-more\"> <a class=\"\" href=\"https:\/\/abcsalca.com\/ar\/iletisim\/\"> <span class=\"screen-reader-text\">\u0627\u062a\u0635\u0644 \u0628\u0646\u0627<\/span> Read More \u00bb<\/a><\/p>","protected":false},"author":1,"featured_media":0,"parent":0,"menu_order":0,"comment_status":"closed","ping_status":"closed","template":"","meta":{"site-sidebar-layout":"no-sidebar","site-content-layout":"page-builder","ast-site-content-layout":"default","site-content-style":"default","site-sidebar-style":"default","ast-global-header-display":"","ast-banner-title-visibility":"","ast-main-header-display":"","ast-hfb-above-header-display":"","ast-hfb-below-header-display":"","ast-hfb-mobile-header-display":"","site-post-title":"disabled","ast-breadcrumbs-content":"","ast-featured-img":"disabled","footer-sml-layout":"","theme-transparent-header-meta":"default","adv-header-id-meta":"","stick-header-meta":"default","header-above-stick-meta":"","header-main-stick-meta":"","header-below-stick-meta":"","astra-migrate-meta-layouts":"set","ast-page-background-enabled":"default","ast-page-background-meta":{"desktop":{"background-color":"var(--ast-global-color-4)","background-image":"","background-repeat":"repeat","background-position":"center center","background-size":"auto","background-attachment":"scroll","background-type":"","background-media":"","overlay-type":"","overlay-color":"","overlay-gradient":""},"tablet":{"background-color":"","background-image":"","background-repeat":"repeat","background-position":"center center","background-size":"auto","background-attachment":"scroll","background-type":"","background-media":"","overlay-type":"","overlay-color":"","overlay-gradient":""},"mobile":{"background-color":"","background-image":"","background-repeat":"repeat","background-position":"center center","background-size":"auto","background-attachment":"scroll","background-type":"","background-media":"","overlay-type":"","overlay-color":"","overlay-gradient":""}},"ast-content-background-meta":{"desktop":{"background-color":"var(--ast-global-color-5)","background-image":"","background-repeat":"repeat","background-position":"center center","background-size":"auto","background-attachment":"scroll","background-type":"","background-media":"","overlay-type":"","overlay-color":"","overlay-gradient":""},"tablet":{"background-color":"var(--ast-global-color-5)","background-image":"","background-repeat":"repeat","background-position":"center center","background-size":"auto","background-attachment":"scroll","background-type":"","background-media":"","overlay-type":"","overlay-color":"","overlay-gradient":""},"mobile":{"background-color":"var(--ast-global-color-5)","background-image":"","background-repeat":"repeat","background-position":"center center","background-size":"auto","background-attachment":"scroll","background-type":"","background-media":"","overlay-type":"","overlay-color":"","overlay-gradient":""}},"footnotes":""},"class_list":["post-459","page","type-page","status-publish","hentry"],"acf":[],"_links":{"self":[{"href":"https:\/\/abcsalca.com\/ar\/wp-json\/wp\/v2\/pages\/459","targetHints":{"allow":["GET"]}}],"collection":[{"href":"https:\/\/abcsalca.com\/ar\/wp-json\/wp\/v2\/pages"}],"about":[{"href":"https:\/\/abcsalca.com\/ar\/wp-json\/wp\/v2\/types\/page"}],"author":[{"embeddable":true,"href":"https:\/\/abcsalca.com\/ar\/wp-json\/wp\/v2\/users\/1"}],"replies":[{"embeddable":true,"href":"https:\/\/abcsalca.com\/ar\/wp-json\/wp\/v2\/comments?post=459"}],"version-history":[{"count":15,"href":"https:\/\/abcsalca.com\/ar\/wp-json\/wp\/v2\/pages\/459\/revisions"}],"predecessor-version":[{"id":818,"href":"https:\/\/abcsalca.com\/ar\/wp-json\/wp\/v2\/pages\/459\/revisions\/818"}],"wp:attachment":[{"href":"https:\/\/abcsalca.com\/ar\/wp-json\/wp\/v2\/media?parent=459"}],"curies":[{"name":"wp","href":"https:\/\/api.w.org\/{rel}","templated":true}]}}