{"id":447,"date":"2024-01-18T22:08:19","date_gmt":"2024-01-18T22:08:19","guid":{"rendered":"https:\/\/abcsalca.com\/?page_id=447"},"modified":"2024-10-28T10:59:58","modified_gmt":"2024-10-28T10:59:58","slug":"kurumsal","status":"publish","type":"page","link":"https:\/\/abcsalca.com\/en\/kurumsal\/","title":{"rendered":"Corporate"},"content":{"rendered":"<h2>\n\t\tAbout Us\n\t<\/h2>\n\t<p>Zer Grup b\u00fcnyesinde 2014 y\u0131l\u0131nda Bursa Karacabey&#8217;de kurulan ABC Sal\u00e7a, kaliteye ve do\u011fall\u0131\u011fa verdi\u011fi \u00f6nemi her a\u015famada g\u00f6steriyor. Fidesinden g\u00fcbresine kadar her ad\u0131m\u0131 titizlikle takip eden ABC Sal\u00e7a, ziraat m\u00fchendislerinin dan\u0131\u015fmanl\u0131\u011f\u0131yla \u00fcretici \u00e7ift\u00e7ilere destek sunuyor. Bu sayede, en g\u00fczel ve en lezzetli domatesler, hasat vakti geldi\u011finde fabrikaya getiriliyor. Tam bir y\u0131l boyunca bu an\u0131 bekleyen fabrika, domatesleri en verimli ve modern \u015fekilde i\u015flemek i\u00e7in Temmuz, A\u011fustos ve Eyl\u00fcl aylar\u0131 boyunca, 7 g\u00fcn 24 saat kesintisiz olarak \u00e7al\u0131\u015f\u0131yor. Tam otomasyonla ve bilgisayar kontrol\u00fcnde, d\u00fcnyan\u0131n en son teknolojisi kullan\u0131larak, \u00f6zenle se\u00e7ilen domatesler y\u00fcksek kalitedeki sal\u00e7aya d\u00f6n\u00fc\u015ft\u00fcr\u00fcl\u00fcyor.<\/p>\n<p>ABC Sal\u00e7a&#8217;n\u0131n her y\u0131l yakla\u015f\u0131k 30 bin ton sal\u00e7a \u00fcretme kapasitesi, markan\u0131n g\u00fcc\u00fcn\u00fc ve \u00fcretim kapasitesini g\u00f6zler \u00f6n\u00fcne seriyor. Yerel \u00fcretimle ba\u015flayan bu s\u00fcre\u00e7, sadece T\u00fcrkiye&#8217;nin de\u011fil, d\u00fcnyan\u0131n d\u00f6rt bir yan\u0131ndaki mutfaklarda yer buluyor. Kalite ve do\u011fall\u0131\u011f\u0131 \u00f6n planda tutan ABC Sal\u00e7a, \u00fcr\u00fcnlerini d\u00fcnyan\u0131n milyonlarca insan\u0131n\u0131n sofralar\u0131na ula\u015ft\u0131rarak global bir marka haline geliyor.<\/p>\n<p>ABC Sal\u00e7a, hem T\u00fcrkiye&#8217;de hem de uluslararas\u0131 pazarda sa\u011fl\u0131kl\u0131, do\u011fal ve lezzetli sal\u00e7a \u00fcretme misyonuyla hareket ederken, geleneksel de\u011ferlere ba\u011fl\u0131 kalmay\u0131 s\u00fcrd\u00fcr\u00fcyor. \u00dcretim kapasitesi ve kaliteli \u00fcretim s\u00fcreci, firman\u0131n sekt\u00f6rdeki liderli\u011fini g\u00fc\u00e7lendirirken, \u00e7ift\u00e7iye verilen destek de yerel tar\u0131m\u0131n geli\u015fmesine katk\u0131da bulunuyor. ABC Sal\u00e7a, T\u00fcrkiye&#8217;nin lezzet miras\u0131n\u0131 d\u00fcnya sofralar\u0131na ta\u015f\u0131rken, yenilik\u00e7i \u00fcretim teknikleri ve s\u00fcrd\u00fcr\u00fclebilir tar\u0131m uygulamalar\u0131yla gelece\u011fe de yat\u0131r\u0131m yap\u0131yor.<\/p>\n\t<meta itemprop=\"name\" content=\"Tan\u0131t\u0131m Filmimiz\" \/><meta itemprop=\"description\" content=\"Tan\u0131t\u0131m Filmimizi \u0130zle\" \/><meta itemprop=\"uploadDate\" content=\"2024-10-14\" \/><meta itemprop=\"thumbnailUrl\" content=\"https:\/\/abcsalca.com\/wp-content\/uploads\/2024\/10\/ABC_salca-2-0.jpg\" \/><meta itemprop=\"contentUrl\" content=\"753\" \/><meta itemprop=\"embedUrl\" content=\"753\" \/>\t\n\t\t\t<img decoding=\"async\" src=\"https:\/\/abcsalca.com\/wp-content\/uploads\/2024\/10\/ABC_salca-2-0.jpg\" title=\"ABC_salca (2)-0\" alt=\"\" \/>\t\t\t\t\t\t\t\n\t\t\t\t\tPlay Video","protected":false},"excerpt":{"rendered":"<p>Hakk\u0131m\u0131zda Zer Grup b\u00fcnyesinde 2014 &hellip;<\/p>\n<p class=\"read-more\"> <a class=\"\" href=\"https:\/\/abcsalca.com\/en\/kurumsal\/\"> <span class=\"screen-reader-text\">Corporate<\/span> Read More \u00bb<\/a><\/p>","protected":false},"author":1,"featured_media":0,"parent":0,"menu_order":0,"comment_status":"closed","ping_status":"closed","template":"","meta":{"site-sidebar-layout":"no-sidebar","site-content-layout":"page-builder","ast-site-content-layout":"default","site-content-style":"default","site-sidebar-style":"default","ast-global-header-display":"","ast-banner-title-visibility":"","ast-main-header-display":"","ast-hfb-above-header-display":"","ast-hfb-below-header-display":"","ast-hfb-mobile-header-display":"","site-post-title":"disabled","ast-breadcrumbs-content":"","ast-featured-img":"disabled","footer-sml-layout":"","theme-transparent-header-meta":"default","adv-header-id-meta":"","stick-header-meta":"default","header-above-stick-meta":"","header-main-stick-meta":"","header-below-stick-meta":"","astra-migrate-meta-layouts":"set","ast-page-background-enabled":"default","ast-page-background-meta":{"desktop":{"background-color":"var(--ast-global-color-4)","background-image":"","background-repeat":"repeat","background-position":"center center","background-size":"auto","background-attachment":"scroll","background-type":"","background-media":"","overlay-type":"","overlay-color":"","overlay-gradient":""},"tablet":{"background-color":"","background-image":"","background-repeat":"repeat","background-position":"center center","background-size":"auto","background-attachment":"scroll","background-type":"","background-media":"","overlay-type":"","overlay-color":"","overlay-gradient":""},"mobile":{"background-color":"","background-image":"","background-repeat":"repeat","background-position":"center center","background-size":"auto","background-attachment":"scroll","background-type":"","background-media":"","overlay-type":"","overlay-color":"","overlay-gradient":""}},"ast-content-background-meta":{"desktop":{"background-color":"var(--ast-global-color-5)","background-image":"","background-repeat":"repeat","background-position":"center center","background-size":"auto","background-attachment":"scroll","background-type":"","background-media":"","overlay-type":"","overlay-color":"","overlay-gradient":""},"tablet":{"background-color":"var(--ast-global-color-5)","background-image":"","background-repeat":"repeat","background-position":"center center","background-size":"auto","background-attachment":"scroll","background-type":"","background-media":"","overlay-type":"","overlay-color":"","overlay-gradient":""},"mobile":{"background-color":"var(--ast-global-color-5)","background-image":"","background-repeat":"repeat","background-position":"center center","background-size":"auto","background-attachment":"scroll","background-type":"","background-media":"","overlay-type":"","overlay-color":"","overlay-gradient":""}},"footnotes":""},"class_list":["post-447","page","type-page","status-publish","hentry"],"acf":[],"_links":{"self":[{"href":"https:\/\/abcsalca.com\/en\/wp-json\/wp\/v2\/pages\/447","targetHints":{"allow":["GET"]}}],"collection":[{"href":"https:\/\/abcsalca.com\/en\/wp-json\/wp\/v2\/pages"}],"about":[{"href":"https:\/\/abcsalca.com\/en\/wp-json\/wp\/v2\/types\/page"}],"author":[{"embeddable":true,"href":"https:\/\/abcsalca.com\/en\/wp-json\/wp\/v2\/users\/1"}],"replies":[{"embeddable":true,"href":"https:\/\/abcsalca.com\/en\/wp-json\/wp\/v2\/comments?post=447"}],"version-history":[{"count":13,"href":"https:\/\/abcsalca.com\/en\/wp-json\/wp\/v2\/pages\/447\/revisions"}],"predecessor-version":[{"id":802,"href":"https:\/\/abcsalca.com\/en\/wp-json\/wp\/v2\/pages\/447\/revisions\/802"}],"wp:attachment":[{"href":"https:\/\/abcsalca.com\/en\/wp-json\/wp\/v2\/media?parent=447"}],"curies":[{"name":"wp","href":"https:\/\/api.w.org\/{rel}","templated":true}]}}